{"id":185,"date":"2022-07-11T10:49:10","date_gmt":"2022-07-11T08:49:10","guid":{"rendered":"https:\/\/greenalia.es\/\/business\/solar-power\/"},"modified":"2025-10-15T11:14:01","modified_gmt":"2025-10-15T09:14:01","slug":"solar-power","status":"publish","type":"page","link":"https:\/\/greenalia.es\/en\/business\/solar-power\/","title":{"rendered":"Solar"},"content":{"rendered":"<div class=\"wpb-content-wrapper\"><p>[vc_row full_width=&#8221;stretch_row_content_no_spaces&#8221;][vc_column]<div id=\"BKCOMP_1775656529_110991\" page_slug=\"solar-power\" class=\"GREENALIA_header_video \" fullheight=\"true\">\n\t<video id=\"background-video\" autoplay loop muted>\n\t\t<source src=\"https:\/\/greenalia.es\/wp-content\/uploads\/2022\/10\/solar.mov\" type=\"video\/mp4\">\n\t<\/video>\n\t<div class=\"GREENALIA_header_video_text \">\n\t\t<span>Solar<\/span>\n\t<\/div>\n<\/div>[\/vc_column][\/vc_row][vc_row disable_element=&#8221;yes&#8221;][vc_column]<div class=\"BKCOMP_breadcrumbs\" page_slug=\"solar-power\">\n\t\n\t<a href=\"\/en\/\" current=\"false\">Greenalia<\/a>\n\t\n\t<a href=\"\/en\/wp-json\/\" current=\"false\">wp-json<\/a>\n\t\n\t<a href=\"\/en\/wp-json\/wp\/\" current=\"false\">wp<\/a>\n\t\n\t<a href=\"\/en\/wp-json\/wp\/v2\/\" current=\"false\">v2<\/a>\n\t\n\t<a href=\"\/en\/wp-json\/wp\/v2\/pages\/\" current=\"false\">pages<\/a>\n\t\n\t<a href=\"\/en\/wp-json\/wp\/v2\/pages\/185\/\" current=\"true\">185<\/a>\n\t\n<\/div>\n[\/vc_column][\/vc_row][vc_row][vc_column][vc_empty_space height=&#8221;48px&#8221;][\/vc_column][\/vc_row][vc_row][vc_column]<div id=\"BKCOMP_1775656529_105069\" page_slug=\"solar-power\"\n\t class=\"BKCOMP_text_block  BKCOMP_text_block_t_paragraph  \"\n\t style=\"\n\t\tfont-family: cabin;  \n\t\t \n\t\t \n\t\t \n\t\t \n\">\n\t<div style=\"max-width: 830px; margin:auto;\"\n\t\t\tui_scroll=\"BSimpleCSSScroller_fade_0\"\n\t\t\t><p style=\"text-align: center;\">Solar energy is the energy produced by light (photovoltaic) to generate electricity. Photovoltaic energy consists of converting sunlight, through photovoltaic solar cells, into electricity.<\/p>\n<p style=\"text-align: center;\">It is a renewable energy source, does not pollute, is inexhaustible and reduces the use of fossil fuels, the source of greenhouse gas emissions that cause global warming. It is also indigenous and available in practically the entire planet, which contributes to reducing energy imports and creating wealth and employment locally.<\/p>\n<\/div>\n<\/div>[\/vc_column][\/vc_row][vc_row disable_element=&#8221;yes&#8221;][vc_column]<div ui_comp=\"GREENALIA_slider_wide\" id=\"BKCOMP_1775656529_110315\" page_slug=\"solar-power\" class=\"GREENALIA_slider_wide \" ui_scroll=\"BSimpleCSSScroller_fade\">\n\n\t<div class=\"GREENALIA_slider_wide_list noSelect\">\n\t\t<ul ui_role=\"root\">\n\t\t\t\n\t\t\t<li ui_role=\"item\" ui_item=\"1\" highlight=\"false\" class=\"GREENALIA_slider_wide_item\" style=\"background-image: url(https:\/\/greenalia.es\/wp-content\/uploads\/2022\/08\/solar2.jpg);\">\n\t\t\t\t<p class=\"GREENALIA_slider_wide_item_text\">Greenalia Solar Power es una empresa dedicada a la promoci\u00f3n y producci\u00f3n de energ\u00eda el\u00e9ctrica a trav\u00e9s de instalaciones fotovoltaicas.<\/p>\n\n\t\t\t<\/li>\n\t\t\t\n\t\t\t<li ui_role=\"item\" ui_item=\"2\" highlight=\"false\" class=\"GREENALIA_slider_wide_item\" style=\"background-image: url(https:\/\/greenalia.es\/wp-content\/uploads\/2022\/08\/solar3.jpg);\">\n\t\t\t\t<p class=\"GREENALIA_slider_wide_item_text\">La energ\u00eda fotovoltaica es una energ\u00eda aut\u00f3ctona, disponible practicamente en todo el planeta.<\/p>\n\n\t\t\t<\/li>\n\t\t\t\n\t\t<\/ul>\n\t\t<div ui_role=\"drag\"><\/div>\n\t<\/div>\n\n\t<ul class=\"GREENALIA_slider_wide_buttons\">\n\t\t\n\t\t<li ui_role=\"button\" ui_value=\"1\" current=\"false\" class=\"button GREENALIA_slider_wide_button\"><\/li>\n\t\t\n\t\t<li ui_role=\"button\" ui_value=\"2\" current=\"false\" class=\"button GREENALIA_slider_wide_button\"><\/li>\n\t\t\n\t<\/ul>\n<\/div>[\/vc_column][\/vc_row][vc_row disable_element=&#8221;yes&#8221;][vc_column]<div is_header=\"false\" hide_desktop=\"false\" hide_mobile=\"false\" id=\"BKCOMP_1775656529_103110\" page_slug=\"solar-power\" class=\"BKCOMP_title_text \" >\n\n\t\n\t<h2 ui_scroll=\"BSimpleCSSScroller_fade_right_short\" class=\"BKCOMP_title_text_title\" style=\"max-width: 100%; \">Proyectos Destacados<\/h2>\n\t\n\t\n<\/div>\n[\/vc_column][\/vc_row][vc_row disable_element=&#8221;yes&#8221;][vc_column]<div id=\"BKCOMP_1775656529_85487\" ui_comp=\"GREENALIA_BUSINESS_our_parks_video\" page_slug=\"solar-power\" class=\"GREENALIA_BUSINESS_our_parks_video \" >\n\n\t\n\t<a href=\"\" target=\"_blank\" ui_role=\"item\" ui_value=\"1\" class=\"GREENALIA_BUSINESS_our_parks_item_cont noSelect\" ui_scroll=\"BSimpleCSSScroller_fade_bottom_1\">\n\t\t<div class=\"GREENALIA_BUSINESS_our_parks_item_image\" style=\"background-image: url(https:\/\/greenalia.es\/wp-content\/uploads\/2022\/08\/solar4.jpg);\">\n\t\t<\/div>\n\t\t\n\t\t<video ui_role=\"video_1\" loop muted video_url=\"https:\/\/greenalia.es\/wp-content\/uploads\/2022\/08\/home_bg.mp4\">\n\t\t\t<!-- <source src=\"https:\/\/greenalia.es\/wp-content\/uploads\/2022\/08\/home_bg.mp4\" type=\"video\/mp4\"> -->\n\t\t<\/video>\n\t\t\n\t\t<span class=\"GREENALIA_BUSINESS_our_parks_item_image_title\"><\/span>\n\t<\/a>\n\t\n\t<a href=\"\" target=\"_blank\" ui_role=\"item\" ui_value=\"2\" class=\"GREENALIA_BUSINESS_our_parks_item_cont noSelect\" ui_scroll=\"BSimpleCSSScroller_fade_bottom_2\">\n\t\t<div class=\"GREENALIA_BUSINESS_our_parks_item_image\" style=\"background-image: url(https:\/\/greenalia.es\/wp-content\/uploads\/2022\/08\/almacenamiento.png);\">\n\t\t<\/div>\n\t\t\n\t\t<video ui_role=\"video_2\" loop muted video_url=\"https:\/\/greenalia.es\/wp-content\/uploads\/2022\/08\/home_bg.mp4\">\n\t\t\t<!-- <source src=\"https:\/\/greenalia.es\/wp-content\/uploads\/2022\/08\/home_bg.mp4\" type=\"video\/mp4\"> -->\n\t\t<\/video>\n\t\t\n\t\t<span class=\"GREENALIA_BUSINESS_our_parks_item_image_title\"><\/span>\n\t<\/a>\n\t\n\t<a href=\"\" target=\"_blank\" ui_role=\"item\" ui_value=\"3\" class=\"GREENALIA_BUSINESS_our_parks_item_cont noSelect\" ui_scroll=\"BSimpleCSSScroller_fade_bottom_0\">\n\t\t<div class=\"GREENALIA_BUSINESS_our_parks_item_image\" style=\"background-image: url(https:\/\/greenalia.es\/wp-content\/uploads\/2022\/08\/almacenamiento.png);\">\n\t\t<\/div>\n\t\t\n\t\t<video ui_role=\"video_3\" loop muted video_url=\"https:\/\/greenalia.es\/wp-content\/uploads\/2022\/08\/home_bg.mp4\">\n\t\t\t<!-- <source src=\"https:\/\/greenalia.es\/wp-content\/uploads\/2022\/08\/home_bg.mp4\" type=\"video\/mp4\"> -->\n\t\t<\/video>\n\t\t\n\t\t<span class=\"GREENALIA_BUSINESS_our_parks_item_image_title\"><\/span>\n\t<\/a>\n\t\n<\/div>[\/vc_column][\/vc_row][vc_row][vc_column]<div id=\"BKCOMP_1775656529_106051\" page_slug=\"solar-power\" class=\"GREENALIA_related_news \" >\n\t\n\t<h3 class=\"BKCOMP_title_text_title GREENALIA_related_news_title\" ui_scroll=\"BSimpleCSSScroller_fade_right_short\" >News<\/h3>\n\n\t<ul class=\"GREENALIA_related_news_list\">\n\t\t\n\t\t<li ui_scroll=\"BSimpleCSSScroller_fade_bottom_0\"><div class=\"GR_news_item\">\n\t<a href=\"\/en\/articles\/greenalia-and-aisin-corporation-of-america-sign-virtual-power-purchase-agreement-vppa-for-50-mw\/\" class=\"GR_news_item_img\" style=\"background-image: url(https:\/\/greenalia.es\/wp-content\/uploads\/2023\/12\/solar_Aisin.jpg);\"><\/a>\n\t<div class=\"GR_news_item_inner\">\n\t\t<span class=\"GR_news_item_date\">12\/14\/2023<\/span>\n\t\t<a class=\"GR_news_item_category\" href=\"https:\/\/greenalia.es\/en\/actualidad\/?c=news\">News<\/a>\n\n\t\t<a class=\"GR_news_item_excerpt\" href=\"\/en\/articles\/greenalia-and-aisin-corporation-of-america-sign-virtual-power-purchase-agreement-vppa-for-50-mw\/\">\n\t\t\tGreenalia and Aisin Corporation of America sign virtual power purchase agreement (VPPA) for 50 MW\n\t\t<\/a>\n\t<\/div>\n\t<a class=\"BKCOMP_image_link BKCOMP_image_link_a GR_news_item_link\" href=\"\/en\/articles\/greenalia-and-aisin-corporation-of-america-sign-virtual-power-purchase-agreement-vppa-for-50-mw\/\"><span label=\"\">Read more<\/span> <span line=\"\"><\/span><span circle=\"\"><\/span><\/a>\n\t<!-- <a class=\"BKCOMP_image_link BKCOMP_image_link_a GR_news_item_link\" href=\"\/en\/actualidad\/greenalia-and-aisin-corporation-of-america-sign-virtual-power-purchase-agreement-vppa-for-50-mw\/\"><span label=\"\">Read more<\/span> <span line=\"\"><\/span><span circle=\"\"><\/span><\/a> -->\n<\/div><\/li>\n\t\t\n\t\t<li ui_scroll=\"BSimpleCSSScroller_fade_bottom_1\"><div class=\"GR_news_item\">\n\t<a href=\"\/en\/articles\/greenalia-signs-virtual-vppa-with-jtekt-north-america-corporation-and-reinforces-its-us-growth-strategy\/\" class=\"GR_news_item_img\" style=\"background-image: url(https:\/\/greenalia.es\/wp-content\/uploads\/2023\/11\/Solar_JTEKT.jpg);\"><\/a>\n\t<div class=\"GR_news_item_inner\">\n\t\t<span class=\"GR_news_item_date\">11\/15\/2023<\/span>\n\t\t<a class=\"GR_news_item_category\" href=\"https:\/\/greenalia.es\/en\/actualidad\/?c=news\">News<\/a>\n\n\t\t<a class=\"GR_news_item_excerpt\" href=\"\/en\/articles\/greenalia-signs-virtual-vppa-with-jtekt-north-america-corporation-and-reinforces-its-us-growth-strategy\/\">\n\t\t\tGreenalia signs virtual VPPA with JTEKT North America Corporation and reinforces its US growth strategy\n\t\t<\/a>\n\t<\/div>\n\t<a class=\"BKCOMP_image_link BKCOMP_image_link_a GR_news_item_link\" href=\"\/en\/articles\/greenalia-signs-virtual-vppa-with-jtekt-north-america-corporation-and-reinforces-its-us-growth-strategy\/\"><span label=\"\">Read more<\/span> <span line=\"\"><\/span><span circle=\"\"><\/span><\/a>\n\t<!-- <a class=\"BKCOMP_image_link BKCOMP_image_link_a GR_news_item_link\" href=\"\/en\/actualidad\/greenalia-signs-virtual-vppa-with-jtekt-north-america-corporation-and-reinforces-its-us-growth-strategy\/\"><span label=\"\">Read more<\/span> <span line=\"\"><\/span><span circle=\"\"><\/span><\/a> -->\n<\/div><\/li>\n\t\t\n\t\t<li ui_scroll=\"BSimpleCSSScroller_fade_bottom_2\"><div class=\"GR_news_item\">\n\t<a href=\"\/en\/articles\/greenalia-strengthens-its-us-strategic-growth-plan-with-the-development-of-8-new-solar-projects-totalling-1-7-gw\/\" class=\"GR_news_item_img\" style=\"background-image: url(https:\/\/greenalia.es\/wp-content\/uploads\/2023\/08\/Solar_Misae.jpg);\"><\/a>\n\t<div class=\"GR_news_item_inner\">\n\t\t<span class=\"GR_news_item_date\">07\/30\/2023<\/span>\n\t\t<a class=\"GR_news_item_category\" href=\"https:\/\/greenalia.es\/en\/actualidad\/?c=photovoltaic\">Photovoltaic<\/a>\n\n\t\t<a class=\"GR_news_item_excerpt\" href=\"\/en\/articles\/greenalia-strengthens-its-us-strategic-growth-plan-with-the-development-of-8-new-solar-projects-totalling-1-7-gw\/\">\n\t\t\tGreenalia strengthens its US strategic growth plan with the development of 8 new solar projects totalling 1.7 GW\n\t\t<\/a>\n\t<\/div>\n\t<a class=\"BKCOMP_image_link BKCOMP_image_link_a GR_news_item_link\" href=\"\/en\/articles\/greenalia-strengthens-its-us-strategic-growth-plan-with-the-development-of-8-new-solar-projects-totalling-1-7-gw\/\"><span label=\"\">Read more<\/span> <span line=\"\"><\/span><span circle=\"\"><\/span><\/a>\n\t<!-- <a class=\"BKCOMP_image_link BKCOMP_image_link_a GR_news_item_link\" href=\"\/en\/actualidad\/greenalia-strengthens-its-us-strategic-growth-plan-with-the-development-of-8-new-solar-projects-totalling-1-7-gw\/\"><span label=\"\">Read more<\/span> <span line=\"\"><\/span><span circle=\"\"><\/span><\/a> -->\n<\/div><\/li>\n\t\t\n\t<\/ul>\n\n\t<p class=\"GREENALIA_related_news_button\">\n\t\t<a href=\"https:\/\/greenalia.es\/en\/actualidad\/?c=fotovoltaica\" class=\"green_button_solid\">\n\t\t\tSee all\n\t\t<\/a>\n\t<\/p>\n\t\n<\/div>[\/vc_column][\/vc_row][vc_row][vc_column][vc_raw_html css=&#8221;&#8221;]JTNDZGl2JTIwaWQlM0QlMjJiV2lkZ2V0TWFwJTIyJTIwdG9wSGVpZ2h0JTNEJTIyMCUyMiUyMGRpc2FibGVTY3JvbGxXaGVlbCUzRCUyMnRydWUlMjIlMjBwYXJlbnRVcmlQcmVmaXglM0QlMjJncmVlbm1hcCUzQSUyMiUwQSUyMCUyMGVtYmVkVXJsJTNEJTIyaHR0cHMlM0ElMkYlMkZncmVlbm1hcC5ncmVlbmFsaWEuZXMlMjIlMjBlbWJlZE1haW5VcmklM0QlMjIlMkZlbiUyRmFzc2V0cyUzRnRhYmxlJTNEdHJ1ZSUyNmZpbHRlcnMxJTNEOTglMjIlM0UlMEElM0MlMkZkaXYlM0UlMEElM0NzY3JpcHQlMjB0eXBlJTNEJTIydGV4dCUyRmphdmFzY3JpcHQlMjIlMjBzcmMlM0QlMjJodHRwcyUzQSUyRiUyRmdyZWVubWFwLmdyZWVuYWxpYS5lcyUyRmVtYmVkLmpzJTIyJTNFJTNDJTJGc2NyaXB0JTNF[\/vc_raw_html][\/vc_column][\/vc_row]<\/p>\n<\/div>","protected":false},"excerpt":{"rendered":"<p>[vc_row full_width=&#8221;stretch_row_content_no_spaces&#8221;][vc_column][\/vc_column][\/vc_row][vc_row disable_element=&#8221;yes&#8221;][vc_column][\/vc_column][\/vc_row][vc_row][vc_column][vc_empty_space height=&#8221;48px&#8221;][\/vc_column][\/vc_row][vc_row][vc_column][\/vc_column][\/vc_row][vc_row disable_element=&#8221;yes&#8221;][vc_column][\/vc_column][\/vc_row][vc_row disable_element=&#8221;yes&#8221;][vc_column][\/vc_column][\/vc_row][vc_row disable_element=&#8221;yes&#8221;][vc_column][\/vc_column][\/vc_row][vc_row][vc_column][\/vc_column][\/vc_row][vc_row][vc_column][vc_raw_html css=&#8221;&#8221;]JTNDZGl2JTIwaWQlM0QlMjJiV2lkZ2V0TWFwJTIyJTIwdG9wSGVpZ2h0JTNEJTIyMCUyMiUyMGRpc2FibGVTY3JvbGxXaGVlbCUzRCUyMnRydWUlMjIlMjBwYXJlbnRVcmlQcmVmaXglM0QlMjJncmVlbm1hcCUzQSUyMiUwQSUyMCUyMGVtYmVkVXJsJTNEJTIyaHR0cHMlM0ElMkYlMkZncmVlbm1hcC5ncmVlbmFsaWEuZXMlMjIlMjBlbWJlZE1haW5VcmklM0QlMjIlMkZlbiUyRmFzc2V0cyUzRnRhYmxlJTNEdHJ1ZSUyNmZpbHRlcnMxJTNEOTglMjIlM0UlMEElM0MlMkZkaXYlM0UlMEElM0NzY3JpcHQlMjB0eXBlJTNEJTIydGV4dCUyRmphdmFzY3JpcHQlMjIlMjBzcmMlM0QlMjJodHRwcyUzQSUyRiUyRmdyZWVubWFwLmdyZWVuYWxpYS5lcyUyRmVtYmVkLmpzJTIyJTNFJTNDJTJGc2NyaXB0JTNF[\/vc_raw_html][\/vc_column][\/vc_row]<\/p>\n","protected":false},"author":3,"featured_media":0,"parent":140,"menu_order":0,"comment_status":"closed","ping_status":"closed","template":"GREENALIA_page_bussines","meta":{"_acf_changed":false,"inline_featured_image":false,"footnotes":""},"class_list":["post-185","page","type-page","status-publish","hentry"],"acf":[],"yoast_head":"<!-- This site is optimized with the Yoast SEO plugin v25.8 - https:\/\/yoast.com\/wordpress\/plugins\/seo\/ -->\n<title>Solar | Greenalia<\/title>\n<meta name=\"robots\" content=\"index, follow, max-snippet:-1, max-image-preview:large, max-video-preview:-1\" \/>\n<link rel=\"canonical\" href=\"https:\/\/greenalia.es\/en\/business\/solar-power\/\" \/>\n<meta property=\"og:locale\" content=\"en_US\" \/>\n<meta property=\"og:type\" content=\"article\" \/>\n<meta property=\"og:title\" content=\"Solar | Greenalia\" \/>\n<meta property=\"og:description\" content=\"[vc_row full_width=&#8221;stretch_row_content_no_spaces&#8221;][vc_column][\/vc_column][\/vc_row][vc_row disable_element=&#8221;yes&#8221;][vc_column][\/vc_column][\/vc_row][vc_row][vc_column][vc_empty_space height=&#8221;48px&#8221;][\/vc_column][\/vc_row][vc_row][vc_column][\/vc_column][\/vc_row][vc_row disable_element=&#8221;yes&#8221;][vc_column][\/vc_column][\/vc_row][vc_row disable_element=&#8221;yes&#8221;][vc_column][\/vc_column][\/vc_row][vc_row disable_element=&#8221;yes&#8221;][vc_column][\/vc_column][\/vc_row][vc_row][vc_column][\/vc_column][\/vc_row][vc_row][vc_column][vc_raw_html css=&#8221;&#8221;]JTNDZGl2JTIwaWQlM0QlMjJiV2lkZ2V0TWFwJTIyJTIwdG9wSGVpZ2h0JTNEJTIyMCUyMiUyMGRpc2FibGVTY3JvbGxXaGVlbCUzRCUyMnRydWUlMjIlMjBwYXJlbnRVcmlQcmVmaXglM0QlMjJncmVlbm1hcCUzQSUyMiUwQSUyMCUyMGVtYmVkVXJsJTNEJTIyaHR0cHMlM0ElMkYlMkZncmVlbm1hcC5ncmVlbmFsaWEuZXMlMjIlMjBlbWJlZE1haW5VcmklM0QlMjIlMkZlbiUyRmFzc2V0cyUzRnRhYmxlJTNEdHJ1ZSUyNmZpbHRlcnMxJTNEOTglMjIlM0UlMEElM0MlMkZkaXYlM0UlMEElM0NzY3JpcHQlMjB0eXBlJTNEJTIydGV4dCUyRmphdmFzY3JpcHQlMjIlMjBzcmMlM0QlMjJodHRwcyUzQSUyRiUyRmdyZWVubWFwLmdyZWVuYWxpYS5lcyUyRmVtYmVkLmpzJTIyJTNFJTNDJTJGc2NyaXB0JTNF[\/vc_raw_html][\/vc_column][\/vc_row]\" \/>\n<meta property=\"og:url\" content=\"https:\/\/greenalia.es\/en\/business\/solar-power\/\" \/>\n<meta property=\"og:site_name\" content=\"Greenalia\" \/>\n<meta property=\"article:modified_time\" content=\"2025-10-15T09:14:01+00:00\" \/>\n<meta name=\"twitter:card\" content=\"summary_large_image\" \/>\n<meta name=\"twitter:label1\" content=\"Est. reading time\" \/>\n\t<meta name=\"twitter:data1\" content=\"2 minutes\" \/>\n<script type=\"application\/ld+json\" class=\"yoast-schema-graph\">{\"@context\":\"https:\/\/schema.org\",\"@graph\":[{\"@type\":\"WebPage\",\"@id\":\"https:\/\/greenalia.es\/en\/business\/solar-power\/\",\"url\":\"https:\/\/greenalia.es\/en\/business\/solar-power\/\",\"name\":\"Solar | Greenalia\",\"isPartOf\":{\"@id\":\"https:\/\/greenalia.es\/en\/#website\"},\"datePublished\":\"2022-07-11T08:49:10+00:00\",\"dateModified\":\"2025-10-15T09:14:01+00:00\",\"breadcrumb\":{\"@id\":\"https:\/\/greenalia.es\/en\/business\/solar-power\/#breadcrumb\"},\"inLanguage\":\"en-US\",\"potentialAction\":[{\"@type\":\"ReadAction\",\"target\":[\"https:\/\/greenalia.es\/en\/business\/solar-power\/\"]}]},{\"@type\":\"BreadcrumbList\",\"@id\":\"https:\/\/greenalia.es\/en\/business\/solar-power\/#breadcrumb\",\"itemListElement\":[{\"@type\":\"ListItem\",\"position\":1,\"name\":\"Business\",\"item\":\"https:\/\/greenalia.es\/en\/business\/\"},{\"@type\":\"ListItem\",\"position\":2,\"name\":\"Solar\"}]},{\"@type\":\"WebSite\",\"@id\":\"https:\/\/greenalia.es\/en\/#website\",\"url\":\"https:\/\/greenalia.es\/en\/\",\"name\":\"Greenalia\",\"description\":\"The Green Company\",\"publisher\":{\"@id\":\"https:\/\/greenalia.es\/en\/#organization\"},\"potentialAction\":[{\"@type\":\"SearchAction\",\"target\":{\"@type\":\"EntryPoint\",\"urlTemplate\":\"https:\/\/greenalia.es\/en\/?s={search_term_string}\"},\"query-input\":{\"@type\":\"PropertyValueSpecification\",\"valueRequired\":true,\"valueName\":\"search_term_string\"}}],\"inLanguage\":\"en-US\"},{\"@type\":\"Organization\",\"@id\":\"https:\/\/greenalia.es\/en\/#organization\",\"name\":\"Greenalia\",\"url\":\"https:\/\/greenalia.es\/en\/\",\"logo\":{\"@type\":\"ImageObject\",\"inLanguage\":\"en-US\",\"@id\":\"https:\/\/greenalia.es\/en\/#\/schema\/logo\/image\/\",\"url\":\"https:\/\/greenalia.es\/wp-content\/uploads\/2025\/04\/images.jpg\",\"contentUrl\":\"https:\/\/greenalia.es\/wp-content\/uploads\/2025\/04\/images.jpg\",\"width\":225,\"height\":225,\"caption\":\"Greenalia\"},\"image\":{\"@id\":\"https:\/\/greenalia.es\/en\/#\/schema\/logo\/image\/\"},\"sameAs\":[\"https:\/\/www.linkedin.com\/company\/11053513\/\",\"https:\/\/www.youtube.com\/channel\/UCBTkVpU6nY2x3mmiRHtyWmg\/featured\"]}]}<\/script>\n<!-- \/ Yoast SEO plugin. -->","yoast_head_json":{"title":"Solar | Greenalia","robots":{"index":"index","follow":"follow","max-snippet":"max-snippet:-1","max-image-preview":"max-image-preview:large","max-video-preview":"max-video-preview:-1"},"canonical":"https:\/\/greenalia.es\/en\/business\/solar-power\/","og_locale":"en_US","og_type":"article","og_title":"Solar | Greenalia","og_description":"[vc_row full_width=&#8221;stretch_row_content_no_spaces&#8221;][vc_column][\/vc_column][\/vc_row][vc_row disable_element=&#8221;yes&#8221;][vc_column][\/vc_column][\/vc_row][vc_row][vc_column][vc_empty_space height=&#8221;48px&#8221;][\/vc_column][\/vc_row][vc_row][vc_column][\/vc_column][\/vc_row][vc_row disable_element=&#8221;yes&#8221;][vc_column][\/vc_column][\/vc_row][vc_row disable_element=&#8221;yes&#8221;][vc_column][\/vc_column][\/vc_row][vc_row disable_element=&#8221;yes&#8221;][vc_column][\/vc_column][\/vc_row][vc_row][vc_column][\/vc_column][\/vc_row][vc_row][vc_column][vc_raw_html css=&#8221;&#8221;]JTNDZGl2JTIwaWQlM0QlMjJiV2lkZ2V0TWFwJTIyJTIwdG9wSGVpZ2h0JTNEJTIyMCUyMiUyMGRpc2FibGVTY3JvbGxXaGVlbCUzRCUyMnRydWUlMjIlMjBwYXJlbnRVcmlQcmVmaXglM0QlMjJncmVlbm1hcCUzQSUyMiUwQSUyMCUyMGVtYmVkVXJsJTNEJTIyaHR0cHMlM0ElMkYlMkZncmVlbm1hcC5ncmVlbmFsaWEuZXMlMjIlMjBlbWJlZE1haW5VcmklM0QlMjIlMkZlbiUyRmFzc2V0cyUzRnRhYmxlJTNEdHJ1ZSUyNmZpbHRlcnMxJTNEOTglMjIlM0UlMEElM0MlMkZkaXYlM0UlMEElM0NzY3JpcHQlMjB0eXBlJTNEJTIydGV4dCUyRmphdmFzY3JpcHQlMjIlMjBzcmMlM0QlMjJodHRwcyUzQSUyRiUyRmdyZWVubWFwLmdyZWVuYWxpYS5lcyUyRmVtYmVkLmpzJTIyJTNFJTNDJTJGc2NyaXB0JTNF[\/vc_raw_html][\/vc_column][\/vc_row]","og_url":"https:\/\/greenalia.es\/en\/business\/solar-power\/","og_site_name":"Greenalia","article_modified_time":"2025-10-15T09:14:01+00:00","twitter_card":"summary_large_image","twitter_misc":{"Est. reading time":"2 minutes"},"schema":{"@context":"https:\/\/schema.org","@graph":[{"@type":"WebPage","@id":"https:\/\/greenalia.es\/en\/business\/solar-power\/","url":"https:\/\/greenalia.es\/en\/business\/solar-power\/","name":"Solar | Greenalia","isPartOf":{"@id":"https:\/\/greenalia.es\/en\/#website"},"datePublished":"2022-07-11T08:49:10+00:00","dateModified":"2025-10-15T09:14:01+00:00","breadcrumb":{"@id":"https:\/\/greenalia.es\/en\/business\/solar-power\/#breadcrumb"},"inLanguage":"en-US","potentialAction":[{"@type":"ReadAction","target":["https:\/\/greenalia.es\/en\/business\/solar-power\/"]}]},{"@type":"BreadcrumbList","@id":"https:\/\/greenalia.es\/en\/business\/solar-power\/#breadcrumb","itemListElement":[{"@type":"ListItem","position":1,"name":"Business","item":"https:\/\/greenalia.es\/en\/business\/"},{"@type":"ListItem","position":2,"name":"Solar"}]},{"@type":"WebSite","@id":"https:\/\/greenalia.es\/en\/#website","url":"https:\/\/greenalia.es\/en\/","name":"Greenalia","description":"The Green Company","publisher":{"@id":"https:\/\/greenalia.es\/en\/#organization"},"potentialAction":[{"@type":"SearchAction","target":{"@type":"EntryPoint","urlTemplate":"https:\/\/greenalia.es\/en\/?s={search_term_string}"},"query-input":{"@type":"PropertyValueSpecification","valueRequired":true,"valueName":"search_term_string"}}],"inLanguage":"en-US"},{"@type":"Organization","@id":"https:\/\/greenalia.es\/en\/#organization","name":"Greenalia","url":"https:\/\/greenalia.es\/en\/","logo":{"@type":"ImageObject","inLanguage":"en-US","@id":"https:\/\/greenalia.es\/en\/#\/schema\/logo\/image\/","url":"https:\/\/greenalia.es\/wp-content\/uploads\/2025\/04\/images.jpg","contentUrl":"https:\/\/greenalia.es\/wp-content\/uploads\/2025\/04\/images.jpg","width":225,"height":225,"caption":"Greenalia"},"image":{"@id":"https:\/\/greenalia.es\/en\/#\/schema\/logo\/image\/"},"sameAs":["https:\/\/www.linkedin.com\/company\/11053513\/","https:\/\/www.youtube.com\/channel\/UCBTkVpU6nY2x3mmiRHtyWmg\/featured"]}]}},"_links":{"self":[{"href":"https:\/\/greenalia.es\/en\/wp-json\/wp\/v2\/pages\/185","targetHints":{"allow":["GET"]}}],"collection":[{"href":"https:\/\/greenalia.es\/en\/wp-json\/wp\/v2\/pages"}],"about":[{"href":"https:\/\/greenalia.es\/en\/wp-json\/wp\/v2\/types\/page"}],"author":[{"embeddable":true,"href":"https:\/\/greenalia.es\/en\/wp-json\/wp\/v2\/users\/3"}],"replies":[{"embeddable":true,"href":"https:\/\/greenalia.es\/en\/wp-json\/wp\/v2\/comments?post=185"}],"version-history":[{"count":8,"href":"https:\/\/greenalia.es\/en\/wp-json\/wp\/v2\/pages\/185\/revisions"}],"predecessor-version":[{"id":8094,"href":"https:\/\/greenalia.es\/en\/wp-json\/wp\/v2\/pages\/185\/revisions\/8094"}],"up":[{"embeddable":true,"href":"https:\/\/greenalia.es\/en\/wp-json\/wp\/v2\/pages\/140"}],"wp:attachment":[{"href":"https:\/\/greenalia.es\/en\/wp-json\/wp\/v2\/media?parent=185"}],"curies":[{"name":"wp","href":"https:\/\/api.w.org\/{rel}","templated":true}]}}